{"id":44,"date":"2015-06-12T13:33:58","date_gmt":"2015-06-12T11:33:58","guid":{"rendered":"http:\/\/wuepostkolonial.noblogs.org\/?page_id=44"},"modified":"2016-02-16T19:20:08","modified_gmt":"2016-02-16T18:20:08","slug":"juliuspromenadejulius-echter-strase","status":"publish","type":"page","link":"https:\/\/wuepostkolonial.noblogs.org\/?page_id=44","title":{"rendered":"Exkurs: Juliuspromenade\/Julius-Echter-Stra\u00dfe"},"content":{"rendered":"<p>Julius Echter weist keine direkten Verbindungen zum deutschen Kolonialismus auf, wir f\u00fchren ihn hier jedoch als weiteres Beispiel daf\u00fcr an, wie in W\u00fcrzburg durch die Benennung von Stra\u00dfen, Pl\u00e4tzen und Institutionen Verbrecher_innen gedacht wird.<\/p>\n<p>Der <em>wei\u00dfe<\/em> W\u00fcrzburger F\u00fcrstbischof und Herzog in Franken Julius Echter von Mespelbrunn (1545-1617) war ein gro\u00dfer Bef\u00fcrworter der Gegenreformation, in deren Rahmen er etwa 100.000 Menschen zwangskonvertierte, sowie die j\u00fcdische Bev\u00f6lkerung W\u00fcrzburgs enteignete und vertrieb.<strong>\u00b9<\/strong> Er initiierte die erste gro\u00dfe Welle von \u201eHexenverfolgungen\u201c in W\u00fcrzburg und lie\u00df etwa 300 Menschen in extra daf\u00fcr gebauten Verbrennungs\u00f6fen hinrichten.<strong>\u00b2<\/strong><\/p>\n<p>Nach ihm wurden in W\u00fcrzburg die <strong>Julius-Echter-Stra\u00dfe\u00b3<\/strong> in Heidingsfeld, die <strong>Juliuspromenade\uf80e<\/strong> in der Altstadt, die von ihm gegr\u00fcndete <strong>Stiftung Juliusspital<\/strong> (Krankenhaus Juliusspital, Seniorenstift, Weingut Juliusspital)<strong>\u2075<\/strong>, der erste Namensteil der <strong>Julius-Maximilian-Universit\u00e4t W\u00fcrzburg\u2076<\/strong> sowie ein Wei\u00dfbier benannt. Au\u00dferdem wurde ihm zu Ehren 1847 das <strong>F\u00fcrstbischof-Julius-Echter-Denkmal\u2077<\/strong> auf der Juliuspromenade aufgestellt. Die <strong>Echter-Passage<\/strong> und die <strong>Echter-Apotheke<\/strong> tragen ebenfalls seinen Namen.<\/p>\n<p>&#8212;&#8212;&#8212;&#8212;&#8212;&#8212;&#8212;&#8212;&#8212;&#8212;&#8212;&#8212;&#8212;&#8212;&#8212;&#8212;&#8212;&#8212;&#8212;&#8212;&#8212;&#8212;&#8212;&#8212;&#8212;&#8212;&#8212;&#8212;&#8212;&#8212;&#8212;&#8212;&#8212;&#8212;&#8212;&#8212;&#8212;&#8212;&#8212;&#8212;&#8212;&#8212;&#8212;&#8212;<br \/>\n<strong>1<\/strong> https:\/\/de.wikipedia.org\/wiki\/Julius_Echter (abgerufen am 11.12.2015)<\/p>\n<p><strong>2<\/strong> Ebd.<\/p>\n<p><strong>3<\/strong> http:\/\/wuerzburgwiki.de\/wiki\/Julius-echter-stra%C3%9Fe (abgerufen am 11.12.2015)<\/p>\n<p><strong>4<\/strong> http:\/\/wuerzburgwiki.de\/wiki\/Juliuspromenade (abgerufen am 11.12.2015)<\/p>\n<p><strong>5<\/strong> http:\/\/wuerzburgwiki.de\/wiki\/Juliusspital (abgerufen am 11.12.2015)<\/p>\n<p><strong>6<\/strong> http:\/\/wuerzburgwiki.de\/wiki\/Julius-Maximilians-Universit%C3%A4t (abgerufen am 11.12.2015)<\/p>\n<p><strong>7<\/strong> http:\/\/wuerzburgwiki.de\/wiki\/Julius-echter-denkmal (abgerufen am 11.12.2015)<\/p>\n","protected":false},"excerpt":{"rendered":"<p>Julius Echter weist keine direkten Verbindungen zum deutschen Kolonialismus auf, wir f\u00fchren ihn hier jedoch als weiteres Beispiel daf\u00fcr an, wie in W\u00fcrzburg durch die Benennung von Stra\u00dfen, Pl\u00e4tzen und Institutionen Verbrecher_innen gedacht wird. Der wei\u00dfe W\u00fcrzburger F\u00fcrstbischof und Herzog &hellip; <a href=\"https:\/\/wuepostkolonial.noblogs.org\/?page_id=44\">Continue reading <span class=\"meta-nav\">&rarr;<\/span><\/a><\/p>\n","protected":false},"author":9768,"featured_media":0,"parent":24,"menu_order":7,"comment_status":"closed","ping_status":"closed","template":"","meta":{"footnotes":""},"class_list":["post-44","page","type-page","status-publish","hentry"],"_links":{"self":[{"href":"https:\/\/wuepostkolonial.noblogs.org\/index.php?rest_route=\/wp\/v2\/pages\/44","targetHints":{"allow":["GET"]}}],"collection":[{"href":"https:\/\/wuepostkolonial.noblogs.org\/index.php?rest_route=\/wp\/v2\/pages"}],"about":[{"href":"https:\/\/wuepostkolonial.noblogs.org\/index.php?rest_route=\/wp\/v2\/types\/page"}],"author":[{"embeddable":true,"href":"https:\/\/wuepostkolonial.noblogs.org\/index.php?rest_route=\/wp\/v2\/users\/9768"}],"replies":[{"embeddable":true,"href":"https:\/\/wuepostkolonial.noblogs.org\/index.php?rest_route=%2Fwp%2Fv2%2Fcomments&post=44"}],"version-history":[{"count":10,"href":"https:\/\/wuepostkolonial.noblogs.org\/index.php?rest_route=\/wp\/v2\/pages\/44\/revisions"}],"predecessor-version":[{"id":191,"href":"https:\/\/wuepostkolonial.noblogs.org\/index.php?rest_route=\/wp\/v2\/pages\/44\/revisions\/191"}],"up":[{"embeddable":true,"href":"https:\/\/wuepostkolonial.noblogs.org\/index.php?rest_route=\/wp\/v2\/pages\/24"}],"wp:attachment":[{"href":"https:\/\/wuepostkolonial.noblogs.org\/index.php?rest_route=%2Fwp%2Fv2%2Fmedia&parent=44"}],"curies":[{"name":"wp","href":"https:\/\/api.w.org\/{rel}","templated":true}]}}