{"id":40,"date":"2015-06-12T13:31:35","date_gmt":"2015-06-12T11:31:35","guid":{"rendered":"http:\/\/wuepostkolonial.noblogs.org\/?page_id=40"},"modified":"2015-12-11T15:09:17","modified_gmt":"2015-12-11T14:09:17","slug":"kaiserstrasewilhelmstrase","status":"publish","type":"page","link":"https:\/\/wuepostkolonial.noblogs.org\/?page_id=40","title":{"rendered":"Kaiserstra\u00dfe\/Wilhelmstra\u00dfe"},"content":{"rendered":"<p>Kaiser Wilhelm I (1797-1888) war als <em>wei\u00dfer<\/em> konservativ-nationalistischer Abk\u00f6mmling der Hohenzollern ab 1861 K\u00f6nig von Preu\u00dfen sowie nach der Reichsgr\u00fcndung 1871 erster deutscher Kaiser. 1848\/49 schlug er als Oberkommandant der \u201eOperationsarmee in Baden und in der Pfalz\u201c die M\u00e4rzrevolution nieder.<strong>\u00b9<\/strong><\/p>\n<p>Er stellte dem Kolonialverbrecher Carl Peters im Jahre 1885 einen \u201eSchutzbrief\u201c f\u00fcr die neu errichtete Kolonie \u201eDeutsch-Ostafrika\u201c aus und legitimierte so einseitig die deutsche Besatzung.<strong>\u00b2<\/strong> Unter seiner Herrschaft stand ein Gro\u00dfteil der gewaltsamen Aneignung von Territorien, wie die Annektion von Togo, Kamerun, \u201eDeutsch-S\u00fcdwestafrika\u201c (Namibia), \u201eDeutsch-Ostafrika\u201c (Tansania, Burundi und Ruanda), \u201eKaiser-Wilhelms-Land\u201c (Neu-Guinea) und dem \u201eBismarckarchipel\u201c.<strong>\u00b3<\/strong><\/p>\n<p>Zu seinen Ehren wurden in der W\u00fcrzburger Altstadt neben der <strong>Kaiserstra\u00dfe<\/strong> und der <strong>Wilhelmstra\u00dfe<\/strong> auch der <strong>Kaiserplatz<\/strong> und das <strong>Kaiserg\u00e4rtchen<\/strong> errichtet und benannt.<strong>\u2074<\/strong><\/p>\n<p>&#8212;&#8212;&#8212;&#8212;&#8212;&#8212;&#8212;&#8212;&#8212;&#8212;&#8212;&#8212;&#8212;&#8212;&#8212;&#8212;&#8212;&#8212;&#8212;&#8212;&#8212;&#8212;&#8212;&#8212;&#8212;&#8212;&#8212;&#8212;&#8212;&#8212;&#8212;&#8212;&#8212;&#8212;&#8212;&#8212;&#8212;&#8212;&#8212;&#8212;&#8212;&#8212;&#8212;&#8212;&#8212;&#8212;&#8212;&#8212;&#8212;&#8212;-<br \/>\n<strong>1<\/strong> https:\/\/de.wikipedia.org\/wiki\/Wilhelm_I._%28Deutsches_Reich%29 (abgerufen am 11.12.2015)<\/p>\n<p><strong>2<\/strong> Aikins, Joshua Kwesi &amp; Hoppe, Rosa: Stra\u00dfennamen als Wegweiser f\u00fcr eine postkoloniale Erinnerung in Deutschland. In: Arndt, Susan &amp; Ofuatey-Alazard, Nadja (Hg.): Wie Rassismus aus W\u00f6rtern spricht. (K)Erben des Kolonialismus im Wissensarchiv deutsche Sprache (M\u00fcnster, 2011, S. 521-538)<\/p>\n<p><strong>3<\/strong> Aikins, Joshua Kwesi &amp; Kopp, Christian: Stra\u00dfennamen mit Bez\u00fcgen zum Kolonialismus in Berlin. In: URL: http:\/\/www.africavenir.org\/fileadmin\/_migrated\/content_uploads\/Dossier_kolonialistische_strassennamen_06.pdf (abgerufen am 11.12.2015)<\/p>\n<p><strong>4<\/strong> Rottenbach, Bruno: W\u00fcrzburger Stra\u00dfennamen Band I., Fr\u00e4nkische Gesellschaftsdruckerei (W\u00fcrzburg 1967)<\/p>\n","protected":false},"excerpt":{"rendered":"<p>Kaiser Wilhelm I (1797-1888) war als wei\u00dfer konservativ-nationalistischer Abk\u00f6mmling der Hohenzollern ab 1861 K\u00f6nig von Preu\u00dfen sowie nach der Reichsgr\u00fcndung 1871 erster deutscher Kaiser. 1848\/49 schlug er als Oberkommandant der \u201eOperationsarmee in Baden und in der Pfalz\u201c die M\u00e4rzrevolution nieder.\u00b9 &hellip; <a href=\"https:\/\/wuepostkolonial.noblogs.org\/?page_id=40\">Continue reading <span class=\"meta-nav\">&rarr;<\/span><\/a><\/p>\n","protected":false},"author":9768,"featured_media":0,"parent":24,"menu_order":4,"comment_status":"closed","ping_status":"closed","template":"","meta":{"footnotes":""},"class_list":["post-40","page","type-page","status-publish","hentry"],"_links":{"self":[{"href":"https:\/\/wuepostkolonial.noblogs.org\/index.php?rest_route=\/wp\/v2\/pages\/40","targetHints":{"allow":["GET"]}}],"collection":[{"href":"https:\/\/wuepostkolonial.noblogs.org\/index.php?rest_route=\/wp\/v2\/pages"}],"about":[{"href":"https:\/\/wuepostkolonial.noblogs.org\/index.php?rest_route=\/wp\/v2\/types\/page"}],"author":[{"embeddable":true,"href":"https:\/\/wuepostkolonial.noblogs.org\/index.php?rest_route=\/wp\/v2\/users\/9768"}],"replies":[{"embeddable":true,"href":"https:\/\/wuepostkolonial.noblogs.org\/index.php?rest_route=%2Fwp%2Fv2%2Fcomments&post=40"}],"version-history":[{"count":8,"href":"https:\/\/wuepostkolonial.noblogs.org\/index.php?rest_route=\/wp\/v2\/pages\/40\/revisions"}],"predecessor-version":[{"id":179,"href":"https:\/\/wuepostkolonial.noblogs.org\/index.php?rest_route=\/wp\/v2\/pages\/40\/revisions\/179"}],"up":[{"embeddable":true,"href":"https:\/\/wuepostkolonial.noblogs.org\/index.php?rest_route=\/wp\/v2\/pages\/24"}],"wp:attachment":[{"href":"https:\/\/wuepostkolonial.noblogs.org\/index.php?rest_route=%2Fwp%2Fv2%2Fmedia&parent=40"}],"curies":[{"name":"wp","href":"https:\/\/api.w.org\/{rel}","templated":true}]}}