{"id":32,"date":"2015-06-12T13:21:15","date_gmt":"2015-06-12T11:21:15","guid":{"rendered":"http:\/\/wuepostkolonial.noblogs.org\/?page_id=32"},"modified":"2015-12-11T15:36:29","modified_gmt":"2015-12-11T14:36:29","slug":"bismarckstrase","status":"publish","type":"page","link":"https:\/\/wuepostkolonial.noblogs.org\/?page_id=32","title":{"rendered":"Bismarckstra\u00dfe"},"content":{"rendered":"<p>Otto von Bismarck (1815-1898) war ein <em>wei\u00dfer<\/em> Politiker und Ministerpr\u00e4sident von Preu\u00dfen (1862-1890), sowie als ma\u00dfgeblich am Aufbau des Deutschen Reichs Beteiligter, dessen erster Reichskanzler von 1871 bis 1890. Er gilt als Mitbegr\u00fcnder des modernen deutschen Sozialstaates und ist f\u00fcr die Verfolgung von Sozialdemokrat_innen und Sozialist_innen durch Erlass des \u201eSozialistengesetzes\u201c bekannt.<strong>\u00b9<\/strong><\/p>\n<p>Als Reichskanzler stand Bismarck dem kolonialen Expansionsgedanken aufgrund au\u00dfenpolitischer und finanzieller Gr\u00fcnde erst ablehnend gegen\u00fcber. Um jedoch an Popularit\u00e4t in der Bev\u00f6lkerung zu gewinnen und England und Frankreich zu schw\u00e4chen sowie aufgrund des starken Drucks der kolonialen Bewegung, \u00e4nderte er seine Einstellung und stellte 1884 mehrere koloniale \u201eLandbesitze\u201c deutscher H\u00e4ndler_innen unter den Schutz des Deutschen Reichs und \u00fcbertrug ihnen die politische Verwaltung der eroberten Gebiete.<\/p>\n<p>Er berief 1884\/85 die \u201eKongo-Konferenz\u201c in Berlin ein, welche der illegitimen Aufteilung und Sicherung von Gebietsrechten der europ\u00e4ischen Kolonialm\u00e4chte in Afrika, darunter auch Deutschlands, diente. Bismarck ebnete dadurch den Weg f\u00fcr den deutschen Kolonialismus und ist direkt verantwortlich f\u00fcr den Raub Togos, Kameruns, \u201eDeutsch-S\u00fcdwestafrikas\u201c, \u201eDeutsch-Ostafrikas\u201c, von \u201eKaiser-Wilhelms-Land\u201c und des \u201eBismarckarchipels\u201c.<strong>\u00b2<\/strong><\/p>\n<p>Ihm wird au\u00dfer der Benennung der <strong>Bismarckstra\u00dfe\u00b3<\/strong> in der Altstadt\/\u00c4u\u00dfere Pleich, noch mit dem <strong>Bismarckturm\u2074<\/strong> und dem <strong>Bismarckw\u00e4ldchen\u2075<\/strong> in W\u00fcrzburg gedacht.<\/p>\n<p>&#8212;&#8212;&#8212;&#8212;&#8212;&#8212;&#8212;&#8212;&#8212;&#8212;&#8212;&#8212;&#8212;&#8212;&#8212;&#8212;&#8212;&#8212;&#8212;&#8212;&#8212;&#8212;&#8212;&#8212;&#8212;&#8212;&#8212;&#8212;&#8212;&#8212;&#8212;&#8212;&#8212;&#8212;&#8212;&#8212;&#8212;&#8212;&#8212;&#8212;&#8212;&#8212;&#8212;&#8212;<br \/>\n<strong>1<\/strong> https:\/\/de.wikipedia.org\/wiki\/Otto_von_Bismarck (abgerufen am 11.12.2015)<\/p>\n<p><strong>2<\/strong> Aikins, Joshua Kwesi &amp; Kopp, Christian: Stra\u00dfennamen mit Bez\u00fcgen zum Kolonialismus in Berlin. In: URL: http:\/\/www.africavenir.org\/fileadmin\/_migrated\/content_uploads\/Dossier_kolonialistische_strassennamen_06.pdf (abgerufen am 11.12.2015)<\/p>\n<p><strong>3<\/strong> Memminger, Thomas: W\u00fcrzburgs Stra\u00dfen und Bauten. (W\u00fcrzburg 1921, S. 53 f.) http:\/\/franconica.uni-wuerzburg.de\/ub\/wuesub\/pages\/wuesub\/49.html (abgerufen am 11.12.2015)<\/p>\n<p><strong>4<\/strong> http:\/\/wuerzburgwiki.de\/wiki\/Bismarckturm (abgerufen am 11.12.2015)<\/p>\n<p><strong>5<\/strong> http:\/\/wuerzburgwiki.de\/wiki\/Bismarckw%C3%A4ldchen (abgerufen am 11.12.2015)<\/p>\n","protected":false},"excerpt":{"rendered":"<p>Otto von Bismarck (1815-1898) war ein wei\u00dfer Politiker und Ministerpr\u00e4sident von Preu\u00dfen (1862-1890), sowie als ma\u00dfgeblich am Aufbau des Deutschen Reichs Beteiligter, dessen erster Reichskanzler von 1871 bis 1890. Er gilt als Mitbegr\u00fcnder des modernen deutschen Sozialstaates und ist f\u00fcr &hellip; <a href=\"https:\/\/wuepostkolonial.noblogs.org\/?page_id=32\">Continue reading <span class=\"meta-nav\">&rarr;<\/span><\/a><\/p>\n","protected":false},"author":9768,"featured_media":0,"parent":24,"menu_order":3,"comment_status":"closed","ping_status":"closed","template":"","meta":{"footnotes":""},"class_list":["post-32","page","type-page","status-publish","hentry"],"_links":{"self":[{"href":"https:\/\/wuepostkolonial.noblogs.org\/index.php?rest_route=\/wp\/v2\/pages\/32","targetHints":{"allow":["GET"]}}],"collection":[{"href":"https:\/\/wuepostkolonial.noblogs.org\/index.php?rest_route=\/wp\/v2\/pages"}],"about":[{"href":"https:\/\/wuepostkolonial.noblogs.org\/index.php?rest_route=\/wp\/v2\/types\/page"}],"author":[{"embeddable":true,"href":"https:\/\/wuepostkolonial.noblogs.org\/index.php?rest_route=\/wp\/v2\/users\/9768"}],"replies":[{"embeddable":true,"href":"https:\/\/wuepostkolonial.noblogs.org\/index.php?rest_route=%2Fwp%2Fv2%2Fcomments&post=32"}],"version-history":[{"count":11,"href":"https:\/\/wuepostkolonial.noblogs.org\/index.php?rest_route=\/wp\/v2\/pages\/32\/revisions"}],"predecessor-version":[{"id":187,"href":"https:\/\/wuepostkolonial.noblogs.org\/index.php?rest_route=\/wp\/v2\/pages\/32\/revisions\/187"}],"up":[{"embeddable":true,"href":"https:\/\/wuepostkolonial.noblogs.org\/index.php?rest_route=\/wp\/v2\/pages\/24"}],"wp:attachment":[{"href":"https:\/\/wuepostkolonial.noblogs.org\/index.php?rest_route=%2Fwp%2Fv2%2Fmedia&parent=32"}],"curies":[{"name":"wp","href":"https:\/\/api.w.org\/{rel}","templated":true}]}}