{"id":24,"date":"2015-06-12T13:02:53","date_gmt":"2015-06-12T11:02:53","guid":{"rendered":"http:\/\/wuepostkolonial.noblogs.org\/?page_id=24"},"modified":"2015-12-11T14:22:39","modified_gmt":"2015-12-11T13:22:39","slug":"strasen-mit-kolonialbezug-in-wurzburg","status":"publish","type":"page","link":"https:\/\/wuepostkolonial.noblogs.org\/?page_id=24","title":{"rendered":"Stra\u00dfen mit Kolonialbezug in W\u00fcrzburg"},"content":{"rendered":"<p>Stra\u00dfennamen halten Ereignisse und Personen der Geschichte als Teil des <em>wei\u00dfen<\/em> deutschen Wissenssystems sprachlich fest. Da Sprache immer die Realit\u00e4t (re)produziert und nicht blo\u00df abbildet, wirken Stra\u00dfennamen politisch in der Gesellschaft und erhalten die Erinnerung an die abgebildete Geschichte im kollektiven Ged\u00e4chtnis. So ehren Stra\u00dfennamen in W\u00fcrzburg Wegbereiter_innen der deutschen kolonialen Expansion.<\/p>\n<p><a href=\"https:\/\/wuepostkolonial.noblogs.org\/?page_id=142\">Kantstra\u00dfe<\/a><\/p>\n<p><a href=\"https:\/\/wuepostkolonial.noblogs.org\/?page_id=27\">Konrad-Adenauer-Br\u00fccke<\/a><\/p>\n<p><a href=\"https:\/\/wuepostkolonial.noblogs.org\/?page_id=32\">Bismarckstra\u00dfe<\/a><\/p>\n<p><a href=\"https:\/\/wuepostkolonial.noblogs.org\/?page_id=40\">Kaiserstra\u00dfe\/Wilhelmstra\u00dfe<\/a><\/p>\n<p><a href=\"https:\/\/wuepostkolonial.noblogs.org\/?page_id=44\">Exkurs: Juliuspromenade\/Julius-Echter-Stra\u00dfe<\/a><\/p>\n","protected":false},"excerpt":{"rendered":"<p>Stra\u00dfennamen halten Ereignisse und Personen der Geschichte als Teil des wei\u00dfen deutschen Wissenssystems sprachlich fest. Da Sprache immer die Realit\u00e4t (re)produziert und nicht blo\u00df abbildet, wirken Stra\u00dfennamen politisch in der Gesellschaft und erhalten die Erinnerung an die abgebildete Geschichte im &hellip; <a href=\"https:\/\/wuepostkolonial.noblogs.org\/?page_id=24\">Continue reading <span class=\"meta-nav\">&rarr;<\/span><\/a><\/p>\n","protected":false},"author":9768,"featured_media":0,"parent":0,"menu_order":2,"comment_status":"closed","ping_status":"closed","template":"","meta":{"footnotes":""},"class_list":["post-24","page","type-page","status-publish","hentry"],"_links":{"self":[{"href":"https:\/\/wuepostkolonial.noblogs.org\/index.php?rest_route=\/wp\/v2\/pages\/24","targetHints":{"allow":["GET"]}}],"collection":[{"href":"https:\/\/wuepostkolonial.noblogs.org\/index.php?rest_route=\/wp\/v2\/pages"}],"about":[{"href":"https:\/\/wuepostkolonial.noblogs.org\/index.php?rest_route=\/wp\/v2\/types\/page"}],"author":[{"embeddable":true,"href":"https:\/\/wuepostkolonial.noblogs.org\/index.php?rest_route=\/wp\/v2\/users\/9768"}],"replies":[{"embeddable":true,"href":"https:\/\/wuepostkolonial.noblogs.org\/index.php?rest_route=%2Fwp%2Fv2%2Fcomments&post=24"}],"version-history":[{"count":27,"href":"https:\/\/wuepostkolonial.noblogs.org\/index.php?rest_route=\/wp\/v2\/pages\/24\/revisions"}],"predecessor-version":[{"id":162,"href":"https:\/\/wuepostkolonial.noblogs.org\/index.php?rest_route=\/wp\/v2\/pages\/24\/revisions\/162"}],"wp:attachment":[{"href":"https:\/\/wuepostkolonial.noblogs.org\/index.php?rest_route=%2Fwp%2Fv2%2Fmedia&parent=24"}],"curies":[{"name":"wp","href":"https:\/\/api.w.org\/{rel}","templated":true}]}}